{"id":1547,"date":"2023-12-01T17:31:49","date_gmt":"2023-12-01T17:31:49","guid":{"rendered":"http:\/\/solvang.pt\/?page_id=1547"},"modified":"2024-01-04T18:35:26","modified_gmt":"2024-01-04T18:35:26","slug":"suporte-ciberseguranca","status":"publish","type":"page","link":"https:\/\/www.solvang.pt\/index.php\/suporte-ciberseguranca\/","title":{"rendered":"Suporte | Ciberseguran\u00e7a"},"content":{"rendered":"\t\t<div data-elementor-type=\"wp-page\" data-elementor-id=\"1547\" class=\"elementor elementor-1547\" data-elementor-settings=\"{&quot;ha_cmc_init_switcher&quot;:&quot;no&quot;}\">\n\t\t\t\t\t\t<section class=\"elementor-section elementor-top-section elementor-element elementor-element-73de782 elementor-section-boxed elementor-section-height-default elementor-section-height-default\" data-id=\"73de782\" data-element_type=\"section\" data-e-type=\"section\" data-settings=\"{&quot;_ha_eqh_enable&quot;:false}\">\n\t\t\t\t\t\t<div class=\"elementor-container elementor-column-gap-default\">\n\t\t\t\t\t<div class=\"elementor-column elementor-col-25 elementor-top-column elementor-element elementor-element-5e9138a\" data-id=\"5e9138a\" data-element_type=\"column\" data-e-type=\"column\">\n\t\t\t<div class=\"elementor-widget-wrap elementor-element-populated\">\n\t\t\t\t\t\t<div class=\"elementor-element elementor-element-db9084b elementor-widget elementor-widget-image\" data-id=\"db9084b\" data-element_type=\"widget\" data-e-type=\"widget\" data-widget_type=\"image.default\">\n\t\t\t\t<div class=\"elementor-widget-container\">\n\t\t\t\t\t\t\t\t\t\t\t\t\t\t\t<img decoding=\"async\" width=\"250\" height=\"140\" src=\"https:\/\/www.solvang.pt\/wp-content\/uploads\/2023\/12\/computer-repair.webp\" class=\"attachment-large size-large wp-image-2128\" alt=\"\" \/>\t\t\t\t\t\t\t\t\t\t\t\t\t\t\t<\/div>\n\t\t\t\t<\/div>\n\t\t\t\t<div class=\"elementor-element elementor-element-308ea9b elementor-widget elementor-widget-heading\" data-id=\"308ea9b\" data-element_type=\"widget\" data-e-type=\"widget\" data-widget_type=\"heading.default\">\n\t\t\t\t<div class=\"elementor-widget-container\">\n\t\t\t\t\t<h2 class=\"elementor-heading-title elementor-size-default\">Presencial<\/h2>\t\t\t\t<\/div>\n\t\t\t\t<\/div>\n\t\t\t\t<div class=\"elementor-element elementor-element-7804fe9 elementor-widget elementor-widget-text-editor\" data-id=\"7804fe9\" data-element_type=\"widget\" data-e-type=\"widget\" data-widget_type=\"text-editor.default\">\n\t\t\t\t<div class=\"elementor-widget-container\">\n\t\t\t\t\t\t\t\t\t<p>H\u00e1 v\u00e1rias situa\u00e7\u00f5es em que \u00e9 inevit\u00e1vel a assist\u00eancia presencial, e nesses casos estamos dispon\u00edveis para nos deslocarmos \u00e0s instala\u00e7\u00f5es do Cliente. Nos dias de hoje esta possibilidade dever\u00e1 ser a \u00faltima hip\u00f3tese para evitar custos para o Cliente.<\/p>\t\t\t\t\t\t\t\t<\/div>\n\t\t\t\t<\/div>\n\t\t\t\t\t<\/div>\n\t\t<\/div>\n\t\t\t\t<div class=\"elementor-column elementor-col-25 elementor-top-column elementor-element elementor-element-5d72d5a\" data-id=\"5d72d5a\" data-element_type=\"column\" data-e-type=\"column\">\n\t\t\t<div class=\"elementor-widget-wrap elementor-element-populated\">\n\t\t\t\t\t\t<div class=\"elementor-element elementor-element-a1ef99a elementor-widget elementor-widget-image\" data-id=\"a1ef99a\" data-element_type=\"widget\" data-e-type=\"widget\" data-widget_type=\"image.default\">\n\t\t\t\t<div class=\"elementor-widget-container\">\n\t\t\t\t\t\t\t\t\t\t\t\t\t\t\t<img decoding=\"async\" width=\"240\" height=\"73\" src=\"https:\/\/www.solvang.pt\/wp-content\/uploads\/2023\/12\/Teamviewer.jpg\" class=\"attachment-large size-large wp-image-2125\" alt=\"\" \/>\t\t\t\t\t\t\t\t\t\t\t\t\t\t\t<\/div>\n\t\t\t\t<\/div>\n\t\t\t\t<div class=\"elementor-element elementor-element-2b74fbd elementor-widget elementor-widget-heading\" data-id=\"2b74fbd\" data-element_type=\"widget\" data-e-type=\"widget\" data-widget_type=\"heading.default\">\n\t\t\t\t<div class=\"elementor-widget-container\">\n\t\t\t\t\t<h2 class=\"elementor-heading-title elementor-size-default\">Teamviewer<\/h2>\t\t\t\t<\/div>\n\t\t\t\t<\/div>\n\t\t\t\t<div class=\"elementor-element elementor-element-79da216 elementor-widget elementor-widget-text-editor\" data-id=\"79da216\" data-element_type=\"widget\" data-e-type=\"widget\" data-widget_type=\"text-editor.default\">\n\t\t\t\t<div class=\"elementor-widget-container\">\n\t\t\t\t\t\t\t\t\t<p>A Solvang subscreve licen\u00e7as desta plataforma l\u00edder no campo da assist\u00eancia remota. Apesar de ter um custo elevado, permite o acesso com elevada seguran\u00e7a nomeadamente nos casos t\u00e9cnicos mais adversos. se ainda n\u00e3o o possui clique no bot\u00e3o para obter a <span style=\"text-decoration: underline;\">vers\u00e3o gratuita<\/span> para receber assist\u00eancia remota segura.<\/p>\t\t\t\t\t\t\t\t<\/div>\n\t\t\t\t<\/div>\n\t\t\t\t\t<\/div>\n\t\t<\/div>\n\t\t\t\t<div class=\"elementor-column elementor-col-25 elementor-top-column elementor-element elementor-element-3d7af16\" data-id=\"3d7af16\" data-element_type=\"column\" data-e-type=\"column\">\n\t\t\t<div class=\"elementor-widget-wrap elementor-element-populated\">\n\t\t\t\t\t\t<div class=\"elementor-element elementor-element-71509e5 elementor-widget elementor-widget-image\" data-id=\"71509e5\" data-element_type=\"widget\" data-e-type=\"widget\" data-widget_type=\"image.default\">\n\t\t\t\t<div class=\"elementor-widget-container\">\n\t\t\t\t\t\t\t\t\t\t\t\t\t\t\t<img fetchpriority=\"high\" decoding=\"async\" width=\"1006\" height=\"374\" src=\"https:\/\/www.solvang.pt\/wp-content\/uploads\/2023\/12\/quick-assist-flow.jpg\" class=\"attachment-large size-large wp-image-2127\" alt=\"\" srcset=\"https:\/\/www.solvang.pt\/wp-content\/uploads\/2023\/12\/quick-assist-flow.jpg 1006w, https:\/\/www.solvang.pt\/wp-content\/uploads\/2023\/12\/quick-assist-flow-300x112.jpg 300w, https:\/\/www.solvang.pt\/wp-content\/uploads\/2023\/12\/quick-assist-flow-768x286.jpg 768w, https:\/\/www.solvang.pt\/wp-content\/uploads\/2023\/12\/quick-assist-flow-600x223.jpg 600w\" sizes=\"(max-width: 1006px) 100vw, 1006px\" \/>\t\t\t\t\t\t\t\t\t\t\t\t\t\t\t<\/div>\n\t\t\t\t<\/div>\n\t\t\t\t<div class=\"elementor-element elementor-element-7def4e8 elementor-widget elementor-widget-heading\" data-id=\"7def4e8\" data-element_type=\"widget\" data-e-type=\"widget\" data-widget_type=\"heading.default\">\n\t\t\t\t<div class=\"elementor-widget-container\">\n\t\t\t\t\t<h2 class=\"elementor-heading-title elementor-size-default\">Assist\u00eancia Windows<\/h2>\t\t\t\t<\/div>\n\t\t\t\t<\/div>\n\t\t\t\t<div class=\"elementor-element elementor-element-e6ecef4 elementor-widget elementor-widget-text-editor\" data-id=\"e6ecef4\" data-element_type=\"widget\" data-e-type=\"widget\" data-widget_type=\"text-editor.default\">\n\t\t\t\t<div class=\"elementor-widget-container\">\n\t\t\t\t\t\t\t\t\t<p>O Windows 10 e 11 incluem um procedimento para desencadear uma assist\u00eancia. Se o seu PC funciona com o Windows procure na caixa de pesquisa: &#8220;Assist\u00eancia R\u00e1pida&#8221;. O seu t\u00e9cnico ir\u00e1 dizer-lhe qual \u00e9 o C\u00f3digo de Seguran\u00e7a para a sess\u00e3o de Assist\u00eancia.<\/p>\t\t\t\t\t\t\t\t<\/div>\n\t\t\t\t<\/div>\n\t\t\t\t\t<\/div>\n\t\t<\/div>\n\t\t\t\t<div class=\"elementor-column elementor-col-25 elementor-top-column elementor-element elementor-element-a2d2d26\" data-id=\"a2d2d26\" data-element_type=\"column\" data-e-type=\"column\">\n\t\t\t<div class=\"elementor-widget-wrap elementor-element-populated\">\n\t\t\t\t\t\t<div class=\"elementor-element elementor-element-5c908bf elementor-widget elementor-widget-image\" data-id=\"5c908bf\" data-element_type=\"widget\" data-e-type=\"widget\" data-widget_type=\"image.default\">\n\t\t\t\t<div class=\"elementor-widget-container\">\n\t\t\t\t\t\t\t\t\t\t\t\t\t\t\t<img loading=\"lazy\" decoding=\"async\" width=\"1024\" height=\"509\" src=\"https:\/\/www.solvang.pt\/wp-content\/uploads\/2023\/12\/Hero-Teamsv2-1024x509.jpeg\" class=\"attachment-large size-large wp-image-2126\" alt=\"\" srcset=\"https:\/\/www.solvang.pt\/wp-content\/uploads\/2023\/12\/Hero-Teamsv2-1024x509.jpeg 1024w, https:\/\/www.solvang.pt\/wp-content\/uploads\/2023\/12\/Hero-Teamsv2-300x149.jpeg 300w, https:\/\/www.solvang.pt\/wp-content\/uploads\/2023\/12\/Hero-Teamsv2-768x382.jpeg 768w, https:\/\/www.solvang.pt\/wp-content\/uploads\/2023\/12\/Hero-Teamsv2-1536x764.jpeg 1536w, https:\/\/www.solvang.pt\/wp-content\/uploads\/2023\/12\/Hero-Teamsv2-2048x1019.jpeg 2048w, https:\/\/www.solvang.pt\/wp-content\/uploads\/2023\/12\/Hero-Teamsv2-600x298.jpeg 600w\" sizes=\"(max-width: 1024px) 100vw, 1024px\" \/>\t\t\t\t\t\t\t\t\t\t\t\t\t\t\t<\/div>\n\t\t\t\t<\/div>\n\t\t\t\t<div class=\"elementor-element elementor-element-0783adb elementor-widget elementor-widget-heading\" data-id=\"0783adb\" data-element_type=\"widget\" data-e-type=\"widget\" data-widget_type=\"heading.default\">\n\t\t\t\t<div class=\"elementor-widget-container\">\n\t\t\t\t\t<h2 class=\"elementor-heading-title elementor-size-default\">Teams<\/h2>\t\t\t\t<\/div>\n\t\t\t\t<\/div>\n\t\t\t\t<div class=\"elementor-element elementor-element-a1b883f elementor-widget elementor-widget-text-editor\" data-id=\"a1b883f\" data-element_type=\"widget\" data-e-type=\"widget\" data-widget_type=\"text-editor.default\">\n\t\t\t\t<div class=\"elementor-widget-container\">\n\t\t\t\t\t\t\t\t\t<p>Ainda jovem, O Teams \u00e9 o novo sistema de colabora\u00e7\u00e3o interno e externo que\u00a0 inclui entre muitas outras funcionalidades a possibilidade de assist\u00eancia remota. Estabele\u00e7a uma conversa e via Teams para podermos assisti-lo. Se ainda n\u00e3o possui o Teams use o bot\u00e3o abaixo para o descarregar.<\/p>\t\t\t\t\t\t\t\t<\/div>\n\t\t\t\t<\/div>\n\t\t\t\t\t<\/div>\n\t\t<\/div>\n\t\t\t\t\t<\/div>\n\t\t<\/section>\n\t\t\t\t<section class=\"elementor-section elementor-top-section elementor-element elementor-element-c786944 elementor-section-boxed elementor-section-height-default elementor-section-height-default\" data-id=\"c786944\" data-element_type=\"section\" data-e-type=\"section\" data-settings=\"{&quot;_ha_eqh_enable&quot;:false}\">\n\t\t\t\t\t\t<div class=\"elementor-container elementor-column-gap-default\">\n\t\t\t\t\t<div class=\"elementor-column elementor-col-100 elementor-top-column elementor-element elementor-element-a12cab1\" data-id=\"a12cab1\" data-element_type=\"column\" data-e-type=\"column\">\n\t\t\t<div class=\"elementor-widget-wrap elementor-element-populated\">\n\t\t\t\t\t\t<div class=\"elementor-element elementor-element-72cdaa0 elementor-widget elementor-widget-spacer\" data-id=\"72cdaa0\" data-element_type=\"widget\" data-e-type=\"widget\" data-widget_type=\"spacer.default\">\n\t\t\t\t<div class=\"elementor-widget-container\">\n\t\t\t\t\t\t\t<div class=\"elementor-spacer\">\n\t\t\t<div class=\"elementor-spacer-inner\"><\/div>\n\t\t<\/div>\n\t\t\t\t\t\t<\/div>\n\t\t\t\t<\/div>\n\t\t\t\t\t<\/div>\n\t\t<\/div>\n\t\t\t\t\t<\/div>\n\t\t<\/section>\n\t\t\t\t<section class=\"elementor-section elementor-top-section elementor-element elementor-element-5990c07 elementor-section-boxed elementor-section-height-default elementor-section-height-default\" data-id=\"5990c07\" data-element_type=\"section\" data-e-type=\"section\" data-settings=\"{&quot;_ha_eqh_enable&quot;:false}\">\n\t\t\t\t\t\t<div class=\"elementor-container elementor-column-gap-default\">\n\t\t\t\t\t<div class=\"elementor-column elementor-col-33 elementor-top-column elementor-element elementor-element-7c4d8e5\" data-id=\"7c4d8e5\" data-element_type=\"column\" data-e-type=\"column\" data-settings=\"{&quot;animation&quot;:&quot;none&quot;}\">\n\t\t\t<div class=\"elementor-widget-wrap elementor-element-populated\">\n\t\t\t\t\t\t<div class=\"elementor-element elementor-element-de4779a animated-slow elementor-invisible elementor-widget elementor-widget-image\" data-id=\"de4779a\" data-element_type=\"widget\" data-e-type=\"widget\" data-settings=\"{&quot;_animation&quot;:&quot;slideInDown&quot;,&quot;_animation_delay&quot;:2000}\" data-widget_type=\"image.default\">\n\t\t\t\t<div class=\"elementor-widget-container\">\n\t\t\t\t\t\t\t\t\t\t\t\t\t\t\t\t<a href=\"http:\/\/solvang.pt\/index.php\/suporte-software-de-produtividade\/\">\n\t\t\t\t\t\t\t<img loading=\"lazy\" decoding=\"async\" width=\"1024\" height=\"859\" src=\"https:\/\/www.solvang.pt\/wp-content\/uploads\/2023\/11\/microsoft-365-anwendungen-1024x859.webp\" class=\"elementor-animation-shrink attachment-large size-large wp-image-1226\" alt=\"\" srcset=\"https:\/\/www.solvang.pt\/wp-content\/uploads\/2023\/11\/microsoft-365-anwendungen-1024x859.webp 1024w, https:\/\/www.solvang.pt\/wp-content\/uploads\/2023\/11\/microsoft-365-anwendungen-600x503.webp 600w, https:\/\/www.solvang.pt\/wp-content\/uploads\/2023\/11\/microsoft-365-anwendungen-300x252.webp 300w, https:\/\/www.solvang.pt\/wp-content\/uploads\/2023\/11\/microsoft-365-anwendungen-768x644.webp 768w, https:\/\/www.solvang.pt\/wp-content\/uploads\/2023\/11\/microsoft-365-anwendungen-1536x1288.webp 1536w, https:\/\/www.solvang.pt\/wp-content\/uploads\/2023\/11\/microsoft-365-anwendungen-320x268.webp 320w, https:\/\/www.solvang.pt\/wp-content\/uploads\/2023\/11\/microsoft-365-anwendungen-480x402.webp 480w, https:\/\/www.solvang.pt\/wp-content\/uploads\/2023\/11\/microsoft-365-anwendungen-800x671.webp 800w, https:\/\/www.solvang.pt\/wp-content\/uploads\/2023\/11\/microsoft-365-anwendungen.webp 1579w\" sizes=\"(max-width: 1024px) 100vw, 1024px\" \/>\t\t\t\t\t\t\t\t<\/a>\n\t\t\t\t\t\t\t\t\t\t\t\t\t\t\t<\/div>\n\t\t\t\t<\/div>\n\t\t\t\t<div class=\"elementor-element elementor-element-6ba9058 animated-slow elementor-invisible elementor-widget elementor-widget-heading\" data-id=\"6ba9058\" data-element_type=\"widget\" data-e-type=\"widget\" data-settings=\"{&quot;_animation&quot;:&quot;zoomIn&quot;}\" data-widget_type=\"heading.default\">\n\t\t\t\t<div class=\"elementor-widget-container\">\n\t\t\t\t\t<h5 class=\"elementor-heading-title elementor-size-default\">Suporte<div>Software&nbsp;<span style=\"font-family: var( --e-global-typography-primary-font-family ), Sans-serif;font-size: var(--h5fontsize);font-weight: var( --e-global-typography-primary-font-weight );letter-spacing: var(--h5letterspacing);text-transform: var(--h5texttransform);background-color: var(--nv-site-bg)\">de Produtividade<\/span><span style=\"font-family: var( --e-global-typography-primary-font-family ), Sans-serif;font-size: var(--h5fontsize);font-weight: var( --e-global-typography-primary-font-weight );letter-spacing: var(--h5letterspacing);text-transform: var(--h5texttransform);background-color: var(--nv-site-bg)\"><\/span><\/div><\/h5>\t\t\t\t<\/div>\n\t\t\t\t<\/div>\n\t\t\t\t\t<\/div>\n\t\t<\/div>\n\t\t\t\t<div class=\"elementor-column elementor-col-33 elementor-top-column elementor-element elementor-element-e1ba8a2\" data-id=\"e1ba8a2\" data-element_type=\"column\" data-e-type=\"column\">\n\t\t\t<div class=\"elementor-widget-wrap elementor-element-populated\">\n\t\t\t\t\t\t<div class=\"elementor-element elementor-element-bc915d3 animated-slow elementor-invisible elementor-widget elementor-widget-image\" data-id=\"bc915d3\" data-element_type=\"widget\" data-e-type=\"widget\" data-settings=\"{&quot;_animation&quot;:&quot;slideInDown&quot;,&quot;_animation_delay&quot;:2000}\" data-widget_type=\"image.default\">\n\t\t\t\t<div class=\"elementor-widget-container\">\n\t\t\t\t\t\t\t\t\t\t\t\t\t\t\t\t<a href=\"http:\/\/solvang.pt\/index.php\/suporte-software-de-gestao\/\">\n\t\t\t\t\t\t\t<img loading=\"lazy\" decoding=\"async\" width=\"1500\" height=\"1101\" src=\"https:\/\/www.solvang.pt\/wp-content\/uploads\/2023\/11\/Hardware.jpg\" class=\"elementor-animation-shrink attachment-1536x1536 size-1536x1536 wp-image-1269\" alt=\"\" srcset=\"https:\/\/www.solvang.pt\/wp-content\/uploads\/2023\/11\/Hardware.jpg 1500w, https:\/\/www.solvang.pt\/wp-content\/uploads\/2023\/11\/Hardware-600x440.jpg 600w, https:\/\/www.solvang.pt\/wp-content\/uploads\/2023\/11\/Hardware-300x220.jpg 300w, https:\/\/www.solvang.pt\/wp-content\/uploads\/2023\/11\/Hardware-1024x752.jpg 1024w, https:\/\/www.solvang.pt\/wp-content\/uploads\/2023\/11\/Hardware-768x564.jpg 768w, https:\/\/www.solvang.pt\/wp-content\/uploads\/2023\/11\/Hardware-320x235.jpg 320w, https:\/\/www.solvang.pt\/wp-content\/uploads\/2023\/11\/Hardware-480x352.jpg 480w, https:\/\/www.solvang.pt\/wp-content\/uploads\/2023\/11\/Hardware-800x587.jpg 800w\" sizes=\"(max-width: 1500px) 100vw, 1500px\" \/>\t\t\t\t\t\t\t\t<\/a>\n\t\t\t\t\t\t\t\t\t\t\t\t\t\t\t<\/div>\n\t\t\t\t<\/div>\n\t\t\t\t<div class=\"elementor-element elementor-element-f200ad2 animated-slow elementor-invisible elementor-widget elementor-widget-heading\" data-id=\"f200ad2\" data-element_type=\"widget\" data-e-type=\"widget\" data-settings=\"{&quot;_animation&quot;:&quot;zoomIn&quot;}\" data-widget_type=\"heading.default\">\n\t\t\t\t<div class=\"elementor-widget-container\">\n\t\t\t\t\t<h5 class=\"elementor-heading-title elementor-size-default\">Suporte&nbsp;<div>Software&nbsp;<span style=\"font-family: var( --e-global-typography-primary-font-family ), Sans-serif;font-size: var(--h5fontsize);font-weight: var( --e-global-typography-primary-font-weight );letter-spacing: var(--h5letterspacing);text-transform: var(--h5texttransform);background-color: var(--nv-site-bg)\">de Gest\u00e3o<\/span><span style=\"font-family: var( --e-global-typography-primary-font-family ), Sans-serif;font-size: var(--h5fontsize);font-weight: var( --e-global-typography-primary-font-weight );letter-spacing: var(--h5letterspacing);text-transform: var(--h5texttransform);background-color: var(--nv-site-bg)\"><\/span><\/div><\/h5>\t\t\t\t<\/div>\n\t\t\t\t<\/div>\n\t\t\t\t\t<\/div>\n\t\t<\/div>\n\t\t\t\t<div class=\"elementor-column elementor-col-33 elementor-top-column elementor-element elementor-element-613b282\" data-id=\"613b282\" data-element_type=\"column\" data-e-type=\"column\">\n\t\t\t<div class=\"elementor-widget-wrap elementor-element-populated\">\n\t\t\t\t\t\t<div class=\"elementor-element elementor-element-48e8196 animated-slow elementor-invisible elementor-widget elementor-widget-image\" data-id=\"48e8196\" data-element_type=\"widget\" data-e-type=\"widget\" data-settings=\"{&quot;_animation&quot;:&quot;slideInDown&quot;,&quot;_animation_delay&quot;:2000}\" data-widget_type=\"image.default\">\n\t\t\t\t<div class=\"elementor-widget-container\">\n\t\t\t\t\t\t\t\t\t\t\t\t\t\t\t\t<a href=\"http:\/\/solvang.pt\/index.php\/suporte-hardware\/\">\n\t\t\t\t\t\t\t<img loading=\"lazy\" decoding=\"async\" width=\"1024\" height=\"1024\" src=\"https:\/\/www.solvang.pt\/wp-content\/uploads\/2023\/11\/2598561-01-1024x1024.png\" class=\"elementor-animation-shrink attachment-large size-large wp-image-1308\" alt=\"\" srcset=\"https:\/\/www.solvang.pt\/wp-content\/uploads\/2023\/11\/2598561-01-1024x1024.png 1024w, https:\/\/www.solvang.pt\/wp-content\/uploads\/2023\/11\/2598561-01-300x300.png 300w, https:\/\/www.solvang.pt\/wp-content\/uploads\/2023\/11\/2598561-01-100x100.png 100w, https:\/\/www.solvang.pt\/wp-content\/uploads\/2023\/11\/2598561-01-600x600.png 600w, https:\/\/www.solvang.pt\/wp-content\/uploads\/2023\/11\/2598561-01-150x150.png 150w, https:\/\/www.solvang.pt\/wp-content\/uploads\/2023\/11\/2598561-01-768x768.png 768w, https:\/\/www.solvang.pt\/wp-content\/uploads\/2023\/11\/2598561-01-1536x1536.png 1536w, https:\/\/www.solvang.pt\/wp-content\/uploads\/2023\/11\/2598561-01-2048x2048.png 2048w, https:\/\/www.solvang.pt\/wp-content\/uploads\/2023\/11\/2598561-01-320x320.png 320w, https:\/\/www.solvang.pt\/wp-content\/uploads\/2023\/11\/2598561-01-480x480.png 480w, https:\/\/www.solvang.pt\/wp-content\/uploads\/2023\/11\/2598561-01-800x800.png 800w\" sizes=\"(max-width: 1024px) 100vw, 1024px\" \/>\t\t\t\t\t\t\t\t<\/a>\n\t\t\t\t\t\t\t\t\t\t\t\t\t\t\t<\/div>\n\t\t\t\t<\/div>\n\t\t\t\t<div class=\"elementor-element elementor-element-bec4a1d animated-slow elementor-invisible elementor-widget elementor-widget-heading\" data-id=\"bec4a1d\" data-element_type=\"widget\" data-e-type=\"widget\" data-settings=\"{&quot;_animation&quot;:&quot;zoomIn&quot;}\" data-widget_type=\"heading.default\">\n\t\t\t\t<div class=\"elementor-widget-container\">\n\t\t\t\t\t<h5 class=\"elementor-heading-title elementor-size-default\"><a href=\"http:\/\/solvang.pt\/index.php\/suporte-hardware\/\">Suporte&nbsp;<div>Hardware<\/div><\/a><\/h5>\t\t\t\t<\/div>\n\t\t\t\t<\/div>\n\t\t\t\t\t<\/div>\n\t\t<\/div>\n\t\t\t\t\t<\/div>\n\t\t<\/section>\n\t\t\t\t<\/div>\n\t\t","protected":false},"excerpt":{"rendered":"<p>Presencial H\u00e1 v\u00e1rias situa\u00e7\u00f5es em que \u00e9 inevit\u00e1vel a assist\u00eancia presencial, e nesses casos estamos dispon\u00edveis para nos deslocarmos \u00e0s instala\u00e7\u00f5es do Cliente. Nos dias de hoje esta possibilidade dever\u00e1 ser a \u00faltima hip\u00f3tese para evitar custos para o Cliente. Teamviewer A Solvang subscreve licen\u00e7as desta plataforma l\u00edder no campo da assist\u00eancia remota. Apesar de&hellip;&nbsp;<a href=\"https:\/\/www.solvang.pt\/index.php\/suporte-ciberseguranca\/\" class=\"\" rel=\"bookmark\">Ler mais &raquo;<span class=\"screen-reader-text\">Suporte | Ciberseguran\u00e7a<\/span><\/a><\/p>\n","protected":false},"author":1,"featured_media":0,"parent":0,"menu_order":0,"comment_status":"closed","ping_status":"closed","template":"page-templates\/template-pagebuilder-full-width.php","meta":{"_eb_attr":"","neve_meta_sidebar":"","neve_meta_container":"","neve_meta_enable_content_width":"","neve_meta_content_width":0,"neve_meta_title_alignment":"","neve_meta_author_avatar":"","neve_post_elements_order":"","neve_meta_disable_header":"","neve_meta_disable_footer":"","neve_meta_disable_title":"","_joinchat":[],"footnotes":""},"class_list":["post-1547","page","type-page","status-publish","hentry"],"_links":{"self":[{"href":"https:\/\/www.solvang.pt\/index.php\/wp-json\/wp\/v2\/pages\/1547","targetHints":{"allow":["GET"]}}],"collection":[{"href":"https:\/\/www.solvang.pt\/index.php\/wp-json\/wp\/v2\/pages"}],"about":[{"href":"https:\/\/www.solvang.pt\/index.php\/wp-json\/wp\/v2\/types\/page"}],"author":[{"embeddable":true,"href":"https:\/\/www.solvang.pt\/index.php\/wp-json\/wp\/v2\/users\/1"}],"replies":[{"embeddable":true,"href":"https:\/\/www.solvang.pt\/index.php\/wp-json\/wp\/v2\/comments?post=1547"}],"version-history":[{"count":16,"href":"https:\/\/www.solvang.pt\/index.php\/wp-json\/wp\/v2\/pages\/1547\/revisions"}],"predecessor-version":[{"id":2955,"href":"https:\/\/www.solvang.pt\/index.php\/wp-json\/wp\/v2\/pages\/1547\/revisions\/2955"}],"wp:attachment":[{"href":"https:\/\/www.solvang.pt\/index.php\/wp-json\/wp\/v2\/media?parent=1547"}],"curies":[{"name":"wp","href":"https:\/\/api.w.org\/{rel}","templated":true}]}}