{"id":1581,"date":"2023-12-01T19:23:38","date_gmt":"2023-12-01T19:23:38","guid":{"rendered":"http:\/\/solvang.pt\/?post_type=product&#038;p=1581"},"modified":"2023-12-14T00:58:25","modified_gmt":"2023-12-14T00:58:25","slug":"dual-rtx4060ti-o8g","status":"publish","type":"product","link":"https:\/\/www.solvang.pt\/index.php\/product\/dual-rtx4060ti-o8g\/","title":{"rendered":"Dual-RTX4060TI-O8G"},"content":{"rendered":"\r\n<p><strong>Resolu\u00e7\u00e3o M\u00e1xima<\/strong>\u00a0\u00a0\u00a0 7680 x 4320 pixels<br \/><strong>Frequ\u00eancia do processador (modo OC)<\/strong>\u00a0\u00a0\u00a0\u00a0\u00a0\u00a0 2595 MHz<br \/><strong>Velocidade do processador com boost<\/strong>\u00a0\u00a0\u00a0\u00a0\u00a0\u00a0 2565 MHz\u00a0<br \/><strong>Mem\u00f3ria bus<\/strong>\u00a0128 bit<br \/><strong>Mem\u00f3ria de placa gr\u00e1fica discreta<\/strong>\u00a0\u00a0 8 GB\u00a0 \u00a0<br \/><strong>Tipo de mem\u00f3ria da placa gr\u00e1fica<\/strong>\u00a0\u00a0\u00a0 GDDR6\u00a0<br \/><strong>Quantidade de portas HDMI<\/strong>\u00a0\u00a0\u00a0\u00a0\u00a0\u00a0\u00a0\u00a0\u00a0\u00a0\u00a0 1\u00a0<br \/><strong>Quantidade de portas DisplayPort<\/strong>\u00a03<\/p>\r\n","protected":false},"excerpt":{"rendered":"<p>Placa gr\u00e1fica<\/p>\n","protected":false},"featured_media":1582,"template":"","meta":{"_eb_attr":"","neve_meta_sidebar":"","neve_meta_container":"","neve_meta_enable_content_width":"off","neve_meta_content_width":100,"neve_meta_title_alignment":"","neve_meta_author_avatar":"","neve_post_elements_order":"","neve_meta_disable_header":"","neve_meta_disable_footer":"","neve_meta_disable_title":"","_joinchat":[]},"product_cat":[50],"product_tag":[49,48],"class_list":{"0":"post-1581","1":"product","2":"type-product","3":"status-publish","4":"has-post-thumbnail","6":"product_cat-acessorios","7":"product_tag-dual-rtx4060ti-o8g","8":"product_tag-placa-grafica","10":"first","11":"onbackorder","12":"taxable","13":"shipping-taxable","14":"purchasable","15":"product-type-simple"},"_links":{"self":[{"href":"https:\/\/www.solvang.pt\/index.php\/wp-json\/wp\/v2\/product\/1581","targetHints":{"allow":["GET"]}}],"collection":[{"href":"https:\/\/www.solvang.pt\/index.php\/wp-json\/wp\/v2\/product"}],"about":[{"href":"https:\/\/www.solvang.pt\/index.php\/wp-json\/wp\/v2\/types\/product"}],"wp:featuredmedia":[{"embeddable":true,"href":"https:\/\/www.solvang.pt\/index.php\/wp-json\/wp\/v2\/media\/1582"}],"wp:attachment":[{"href":"https:\/\/www.solvang.pt\/index.php\/wp-json\/wp\/v2\/media?parent=1581"}],"wp:term":[{"taxonomy":"product_cat","embeddable":true,"href":"https:\/\/www.solvang.pt\/index.php\/wp-json\/wp\/v2\/product_cat?post=1581"},{"taxonomy":"product_tag","embeddable":true,"href":"https:\/\/www.solvang.pt\/index.php\/wp-json\/wp\/v2\/product_tag?post=1581"}],"curies":[{"name":"wp","href":"https:\/\/api.w.org\/{rel}","templated":true}]}}