{"id":1596,"date":"2023-12-02T22:50:17","date_gmt":"2023-12-02T22:50:17","guid":{"rendered":"http:\/\/solvang.pt\/?post_type=product&#038;p=1596"},"modified":"2023-12-14T01:09:16","modified_gmt":"2023-12-14T01:09:16","slug":"apc-back-ups","status":"publish","type":"product","link":"https:\/\/www.solvang.pt\/index.php\/product\/apc-back-ups\/","title":{"rendered":"APC Back-UPS"},"content":{"rendered":"<p class=\"xxxxmsonormal\"><b>Capacidade de energia: <\/b>500VA<br \/>\n<b><\/b><b>Potencia de sa\u00edda : <\/b>300W<br \/>\n<b>Topologia UPS: <\/b>Linha interativa<br \/>\n<b>Vida \u00fatil da bateria (m\u00e1x.): <\/b>5 anos<\/p>\n","protected":false},"excerpt":{"rendered":"<p>Capacidade de energia: 500VA Potencia de sa\u00edda : 300W Topologia UPS: Linha interativa Vida \u00fatil da bateria (m\u00e1x.): 5 anos<\/p>\n","protected":false},"featured_media":1597,"template":"","meta":{"_eb_attr":"","neve_meta_sidebar":"","neve_meta_container":"","neve_meta_enable_content_width":"off","neve_meta_content_width":100,"neve_meta_title_alignment":"","neve_meta_author_avatar":"","neve_post_elements_order":"","neve_meta_disable_header":"","neve_meta_disable_footer":"","neve_meta_disable_title":"","_joinchat":[]},"product_cat":[50],"product_tag":[],"class_list":{"0":"post-1596","1":"product","2":"type-product","3":"status-publish","4":"has-post-thumbnail","6":"product_cat-acessorios","8":"first","9":"onbackorder","10":"taxable","11":"shipping-taxable","12":"purchasable","13":"product-type-simple"},"_links":{"self":[{"href":"https:\/\/www.solvang.pt\/index.php\/wp-json\/wp\/v2\/product\/1596","targetHints":{"allow":["GET"]}}],"collection":[{"href":"https:\/\/www.solvang.pt\/index.php\/wp-json\/wp\/v2\/product"}],"about":[{"href":"https:\/\/www.solvang.pt\/index.php\/wp-json\/wp\/v2\/types\/product"}],"wp:featuredmedia":[{"embeddable":true,"href":"https:\/\/www.solvang.pt\/index.php\/wp-json\/wp\/v2\/media\/1597"}],"wp:attachment":[{"href":"https:\/\/www.solvang.pt\/index.php\/wp-json\/wp\/v2\/media?parent=1596"}],"wp:term":[{"taxonomy":"product_cat","embeddable":true,"href":"https:\/\/www.solvang.pt\/index.php\/wp-json\/wp\/v2\/product_cat?post=1596"},{"taxonomy":"product_tag","embeddable":true,"href":"https:\/\/www.solvang.pt\/index.php\/wp-json\/wp\/v2\/product_tag?post=1596"}],"curies":[{"name":"wp","href":"https:\/\/api.w.org\/{rel}","templated":true}]}}