{"id":1601,"date":"2023-12-02T23:02:00","date_gmt":"2023-12-02T23:02:00","guid":{"rendered":"http:\/\/solvang.pt\/?post_type=product&#038;p=1601"},"modified":"2023-12-02T23:05:14","modified_gmt":"2023-12-02T23:05:14","slug":"asus-tuf-27","status":"publish","type":"product","link":"https:\/\/www.solvang.pt\/index.php\/product\/asus-tuf-27\/","title":{"rendered":"Asus TUF 27&#8243;"},"content":{"rendered":"<p><b>Modelo: <\/b>Asus TUF 27\u201d<br \/>\n<b>Tamanho:<\/b> 27\u201d<br \/>\n<b>Resolu\u00e7\u00e3o M\u00e1xima: <\/b>1920 x 1080<br \/>\n<b>Tempo de Resposta: <\/b>1MS MPRT<br \/>\n<b>Taxa de Atualiza\u00e7\u00e3o: <\/b>165 Hz<br \/>\n<b>Formato: <\/b>plano<br \/>\n<b>HDM1:<\/b> 1<br \/>\n<b>Display Port:<\/b> 1<br \/>\n<b>Ajuste em Altura:<\/b> n\u00e3o<br \/>\n<b>Altifalantes:<\/b> n\u00e3o<\/p>\n","protected":false},"excerpt":{"rendered":"<p>Modelo: Asus TUF 27\u201d Tamanho: 27\u201d Resolu\u00e7\u00e3o M\u00e1xima: 1920 x 1080 Tempo de Resposta: 1MS MPRT Taxa de Atualiza\u00e7\u00e3o: 165 Hz Formato: plano HDM1: 1 Display Port: 1 Ajuste em Altura: n\u00e3o Altifalantes: n\u00e3o<\/p>\n","protected":false},"featured_media":1602,"template":"","meta":{"_eb_attr":"","neve_meta_sidebar":"","neve_meta_container":"","neve_meta_enable_content_width":"off","neve_meta_content_width":100,"neve_meta_title_alignment":"","neve_meta_author_avatar":"","neve_post_elements_order":"","neve_meta_disable_header":"","neve_meta_disable_footer":"","neve_meta_disable_title":"","_joinchat":[]},"product_cat":[40],"product_tag":[],"class_list":{"0":"post-1601","1":"product","2":"type-product","3":"status-publish","4":"has-post-thumbnail","6":"product_cat-computadores","8":"first","9":"onbackorder","10":"taxable","11":"shipping-taxable","12":"purchasable","13":"product-type-simple"},"_links":{"self":[{"href":"https:\/\/www.solvang.pt\/index.php\/wp-json\/wp\/v2\/product\/1601","targetHints":{"allow":["GET"]}}],"collection":[{"href":"https:\/\/www.solvang.pt\/index.php\/wp-json\/wp\/v2\/product"}],"about":[{"href":"https:\/\/www.solvang.pt\/index.php\/wp-json\/wp\/v2\/types\/product"}],"wp:featuredmedia":[{"embeddable":true,"href":"https:\/\/www.solvang.pt\/index.php\/wp-json\/wp\/v2\/media\/1602"}],"wp:attachment":[{"href":"https:\/\/www.solvang.pt\/index.php\/wp-json\/wp\/v2\/media?parent=1601"}],"wp:term":[{"taxonomy":"product_cat","embeddable":true,"href":"https:\/\/www.solvang.pt\/index.php\/wp-json\/wp\/v2\/product_cat?post=1601"},{"taxonomy":"product_tag","embeddable":true,"href":"https:\/\/www.solvang.pt\/index.php\/wp-json\/wp\/v2\/product_tag?post=1601"}],"curies":[{"name":"wp","href":"https:\/\/api.w.org\/{rel}","templated":true}]}}