{"id":1717,"date":"2023-12-03T23:55:18","date_gmt":"2023-12-03T23:55:18","guid":{"rendered":"https:\/\/solvang.pt\/sara\/?post_type=product&#038;p=1717"},"modified":"2023-12-09T18:07:02","modified_gmt":"2023-12-09T18:07:02","slug":"servico-de-preparacao","status":"publish","type":"product","link":"https:\/\/www.solvang.pt\/index.php\/product\/servico-de-preparacao\/","title":{"rendered":"Servi\u00e7o de prepara\u00e7\u00e3o"},"content":{"rendered":"<p>Servi\u00e7o de prepara\u00e7\u00e3o de tempo vari\u00e1vel de acordo com o pretendido:<\/p>\n<ul>\n<li>B\u00e1sico, 1 h: instala\u00e7\u00e3o presencial, registo no dom\u00ednio instala\u00e7\u00e3o de software b\u00e1sico e Office (licen\u00e7a n\u00e3o inclu\u00edda), configura\u00e7\u00e3o Outlook e OneDrive<\/li>\n<li>Com c\u00f3pia de dados de PC anterior, 2 ou 3h: tudo do b\u00e1sico mais a c\u00f3pia de dados de posto anterior<\/li>\n<li>Instala\u00e7\u00e3o de software adicional: prever o tempo necess\u00e1rio caso seja necess\u00e1rio instalar software como software de gest\u00e3o<\/li>\n<\/ul>\n<p>O tempo apropriado de instala\u00e7\u00e3o poder\u00e1 ser ajustado pela nossa equipa t\u00e9cnica.<\/p>\n<p>Adicionar Desloca\u00e7\u00e3o<\/p>\n","protected":false},"excerpt":{"rendered":"<p>O Servi\u00e7o de prepara\u00e7\u00e3o pode incluir:<\/p>\n<ul>\n<li>Entrega e Instala\u00e7\u00e3o f\u00edsica no local (pressup\u00f5e a exist\u00eancia de tomada de energia e de rede ou rede sem fios<\/li>\n<li>Prepara\u00e7\u00e3o inicial do Windows<\/li>\n<li>Registo no dom\u00ednio (servidor) e login na rede<\/li>\n<li>Instala\u00e7\u00e3o de software gratuito de apoio<\/li>\n<li>Configura\u00e7\u00e3o para uso mais facilitado<\/li>\n<li>Instala\u00e7\u00e3o de impressora(s)<\/li>\n<li>instala\u00e7\u00e3o do Office, de licen\u00e7a adquirida em separado ou pr\u00e9 existente<\/li>\n<li>Configura\u00e7\u00e3o do Outlook quanto a contas de email, assinatura, pedido de Recibo<\/li>\n<li>Configura\u00e7\u00e3o do OneDrive para backup dos dados do utilizador (faz sentido no Office 365)<\/li>\n<li>C\u00f3pia de dados de utilizador de computador anterior<\/li>\n<li>Instala\u00e7\u00e3o de outros softwares como Sage, Wintouch, MySoftmais, etc<\/li>\n<\/ul>\n<p>&nbsp;<\/p>\n","protected":false},"featured_media":1308,"template":"","meta":{"_eb_attr":"","neve_meta_sidebar":"","neve_meta_container":"","neve_meta_enable_content_width":"off","neve_meta_content_width":100,"neve_meta_title_alignment":"","neve_meta_author_avatar":"","neve_post_elements_order":"","neve_meta_disable_header":"","neve_meta_disable_footer":"","neve_meta_disable_title":"","_joinchat":[]},"product_cat":[52],"product_tag":[],"class_list":{"0":"post-1717","1":"product","2":"type-product","3":"status-publish","4":"has-post-thumbnail","6":"product_cat-servicos","8":"first","9":"instock","10":"taxable","11":"shipping-taxable","12":"purchasable","13":"product-type-simple"},"_links":{"self":[{"href":"https:\/\/www.solvang.pt\/index.php\/wp-json\/wp\/v2\/product\/1717","targetHints":{"allow":["GET"]}}],"collection":[{"href":"https:\/\/www.solvang.pt\/index.php\/wp-json\/wp\/v2\/product"}],"about":[{"href":"https:\/\/www.solvang.pt\/index.php\/wp-json\/wp\/v2\/types\/product"}],"wp:featuredmedia":[{"embeddable":true,"href":"https:\/\/www.solvang.pt\/index.php\/wp-json\/wp\/v2\/media\/1308"}],"wp:attachment":[{"href":"https:\/\/www.solvang.pt\/index.php\/wp-json\/wp\/v2\/media?parent=1717"}],"wp:term":[{"taxonomy":"product_cat","embeddable":true,"href":"https:\/\/www.solvang.pt\/index.php\/wp-json\/wp\/v2\/product_cat?post=1717"},{"taxonomy":"product_tag","embeddable":true,"href":"https:\/\/www.solvang.pt\/index.php\/wp-json\/wp\/v2\/product_tag?post=1717"}],"curies":[{"name":"wp","href":"https:\/\/api.w.org\/{rel}","templated":true}]}}