{"id":1914,"date":"2023-12-09T19:25:16","date_gmt":"2023-12-09T19:25:16","guid":{"rendered":"http:\/\/solvang.pt\/?post_type=product&#038;p=1914"},"modified":"2023-12-12T18:02:50","modified_gmt":"2023-12-12T18:02:50","slug":"servico-sage-avenca-3h-mes","status":"publish","type":"product","link":"https:\/\/www.solvang.pt\/index.php\/product\/servico-sage-avenca-3h-mes\/","title":{"rendered":"Servi\u00e7os &#8211; Aven\u00e7a"},"content":{"rendered":"<p>Atendimento priorit\u00e1rio.<br \/>\nServi\u00e7o Remoto ou Presencial.<br \/>\nExclui Desloca\u00e7\u00e3o.<br \/>\nContagem em fra\u00e7\u00f5es de 15 min.<\/p>\n","protected":false},"excerpt":{"rendered":"<p>Atendimento priorit\u00e1rio. Servi\u00e7o Remoto ou Presencial. Exclui Desloca\u00e7\u00e3o. Contagem em fra\u00e7\u00f5es de 15 min.<\/p>\n","protected":false},"featured_media":1936,"template":"","meta":{"_eb_attr":"","neve_meta_sidebar":"","neve_meta_container":"","neve_meta_enable_content_width":"off","neve_meta_content_width":100,"neve_meta_title_alignment":"","neve_meta_author_avatar":"","neve_post_elements_order":"","neve_meta_disable_header":"","neve_meta_disable_footer":"","neve_meta_disable_title":"","_joinchat":[]},"product_cat":[52],"product_tag":[],"class_list":{"0":"post-1914","1":"product","2":"type-product","3":"status-publish","4":"has-post-thumbnail","6":"product_cat-servicos","8":"first","9":"instock","10":"taxable","11":"shipping-taxable","12":"purchasable","13":"product-type-variable"},"_links":{"self":[{"href":"https:\/\/www.solvang.pt\/index.php\/wp-json\/wp\/v2\/product\/1914","targetHints":{"allow":["GET"]}}],"collection":[{"href":"https:\/\/www.solvang.pt\/index.php\/wp-json\/wp\/v2\/product"}],"about":[{"href":"https:\/\/www.solvang.pt\/index.php\/wp-json\/wp\/v2\/types\/product"}],"wp:featuredmedia":[{"embeddable":true,"href":"https:\/\/www.solvang.pt\/index.php\/wp-json\/wp\/v2\/media\/1936"}],"wp:attachment":[{"href":"https:\/\/www.solvang.pt\/index.php\/wp-json\/wp\/v2\/media?parent=1914"}],"wp:term":[{"taxonomy":"product_cat","embeddable":true,"href":"https:\/\/www.solvang.pt\/index.php\/wp-json\/wp\/v2\/product_cat?post=1914"},{"taxonomy":"product_tag","embeddable":true,"href":"https:\/\/www.solvang.pt\/index.php\/wp-json\/wp\/v2\/product_tag?post=1914"}],"curies":[{"name":"wp","href":"https:\/\/api.w.org\/{rel}","templated":true}]}}